{"id":2055,"date":"2024-05-02T12:37:07","date_gmt":"2024-05-02T10:37:07","guid":{"rendered":"http:\/\/www.deutsche-vulkanstrasse.com\/impressum-copy\/"},"modified":"2025-02-19T05:45:29","modified_gmt":"2025-02-19T04:45:29","slug":"kontakt","status":"publish","type":"page","link":"https:\/\/www.deutsche-vulkanstrasse.com\/en\/kontakt\/","title":{"rendered":"CONTACT"},"content":{"rendered":"\t\t<div data-elementor-type=\"wp-page\" data-elementor-id=\"2055\" class=\"elementor elementor-2055\" data-elementor-post-type=\"page\">\n\t\t\t\t<div class=\"elementor-element elementor-element-160b915a mv-section e-flex e-con-boxed e-con e-parent\" data-id=\"160b915a\" data-element_type=\"container\" data-e-type=\"container\" data-settings=\"{&quot;background_background&quot;:&quot;classic&quot;}\">\n\t\t\t\t\t<div class=\"e-con-inner\">\n\t\t<div class=\"elementor-element elementor-element-38ebaadc e-flex e-con-boxed e-con e-child\" data-id=\"38ebaadc\" data-element_type=\"container\" data-e-type=\"container\">\n\t\t\t\t\t<div class=\"e-con-inner\">\n\t\t<div class=\"elementor-element elementor-element-485dbd e-con-full e-flex e-con e-child\" data-id=\"485dbd\" data-element_type=\"container\" data-e-type=\"container\">\n\t\t\t\t<div class=\"elementor-element elementor-element-581ac308 elementor-widget elementor-widget-heading\" data-id=\"581ac308\" data-element_type=\"widget\" data-e-type=\"widget\" data-widget_type=\"heading.default\">\n\t\t\t\t<div class=\"elementor-widget-container\">\n\t\t\t\t\t<h2 class=\"elementor-heading-title elementor-size-default\">KONTAKT - WIR HELFEN IHNEN GERNE<\/h2>\t\t\t\t<\/div>\n\t\t\t\t<\/div>\n\t\t\t\t<div class=\"elementor-element elementor-element-f83d762 elementor-widget elementor-widget-wpforms\" data-id=\"f83d762\" data-element_type=\"widget\" data-e-type=\"widget\" data-widget_type=\"wpforms.default\">\n\t\t\t\t<div class=\"elementor-widget-container\">\n\t\t\t\t\t<style id=\"wpforms-css-vars-elementor-widget-f83d762\">\n\t\t\t\t.elementor-widget-wpforms.elementor-element-f83d762 {\n\t\t\t\t--wpforms-button-background-color: #C50004;\n\t\t\t}\n\t\t\t<\/style><div class=\"wpforms-container wpforms-container-full wpforms-render-modern\" id=\"wpforms-378\"><form id=\"wpforms-form-378\" class=\"wpforms-validate wpforms-form wpforms-ajax-form\" data-formid=\"378\" method=\"post\" enctype=\"multipart\/form-data\" action=\"\/en\/wp-json\/wp\/v2\/pages\/2055\" data-token=\"0b92f3f9af3474f934faa9934e8e0ddb\" data-token-time=\"1775271708\"><noscript class=\"wpforms-error-noscript\">Please enable JavaScript in your browser to complete this form.<\/noscript><div id=\"wpforms-error-noscript\" style=\"display: none;\">Please enable JavaScript in your browser to complete this form.<\/div><div class=\"wpforms-field-container\"><div id=\"wpforms-378-field_1-container\" class=\"wpforms-field wpforms-field-text wpforms-one-half wpforms-first\" data-field-id=\"1\"><label class=\"wpforms-field-label\" for=\"wpforms-378-field_1\">VORNAME <span class=\"wpforms-required-label\" aria-hidden=\"true\">*<\/span><\/label><input type=\"text\" id=\"wpforms-378-field_1\" class=\"wpforms-field-large wpforms-field-required\" name=\"wpforms[fields][1]\" aria-errormessage=\"wpforms-378-field_1-error\" required><\/div><div id=\"wpforms-378-field_3-container\" class=\"wpforms-field wpforms-field-email wpforms-one-half\" data-field-id=\"3\"><label class=\"wpforms-field-label\" for=\"wpforms-378-field_3\">EMAIL <span class=\"wpforms-required-label\" aria-hidden=\"true\">*<\/span><\/label><input type=\"email\" id=\"wpforms-378-field_3\" class=\"wpforms-field-large wpforms-field-required\" name=\"wpforms[fields][3]\" spellcheck=\"false\" aria-errormessage=\"wpforms-378-field_3-error\" required><\/div><div id=\"wpforms-378-field_6-container\" class=\"wpforms-field wpforms-field-text wpforms-one-half wpforms-first\" data-field-id=\"6\"><label class=\"wpforms-field-label\" for=\"wpforms-378-field_6\">NACHNAME <span class=\"wpforms-required-label\" aria-hidden=\"true\">*<\/span><\/label><input type=\"text\" id=\"wpforms-378-field_6\" class=\"wpforms-field-large wpforms-field-required\" name=\"wpforms[fields][6]\" aria-errormessage=\"wpforms-378-field_6-error\" required><\/div><div id=\"wpforms-378-field_2-container\" class=\"wpforms-field wpforms-field-number wpforms-one-half\" data-field-id=\"2\"><label class=\"wpforms-field-label\" for=\"wpforms-378-field_2\">TELEFON <span class=\"wpforms-required-label\" aria-hidden=\"true\">*<\/span><\/label><input type=\"number\" id=\"wpforms-378-field_2\" class=\"wpforms-field-large wpforms-field-required\" name=\"wpforms[fields][2]\" step=\"any\" aria-errormessage=\"wpforms-378-field_2-error\" required><\/div><div id=\"wpforms-378-field_10-container\" class=\"wpforms-field wpforms-field-text wpforms-one-half wpforms-first\" data-field-id=\"10\"><label class=\"wpforms-field-label\" for=\"wpforms-378-field_10\">PLZ &amp; ORT <span class=\"wpforms-required-label\" aria-hidden=\"true\">*<\/span><\/label><input type=\"text\" id=\"wpforms-378-field_10\" class=\"wpforms-field-large wpforms-field-required\" name=\"wpforms[fields][10]\" aria-errormessage=\"wpforms-378-field_10-error\" required><\/div><div id=\"wpforms-378-field_11-container\" class=\"wpforms-field wpforms-field-text wpforms-one-half\" data-field-id=\"11\"><label class=\"wpforms-field-label\" for=\"wpforms-378-field_11\">STRA\u00dfE &amp; HAUSNR. <span class=\"wpforms-required-label\" aria-hidden=\"true\">*<\/span><\/label><input type=\"text\" id=\"wpforms-378-field_11\" class=\"wpforms-field-large wpforms-field-required\" name=\"wpforms[fields][11]\" aria-errormessage=\"wpforms-378-field_11-error\" required><\/div><div id=\"wpforms-378-field_7-container\" class=\"wpforms-field wpforms-field-checkbox wpforms-list-inline\" data-field-id=\"7\"><fieldset><legend class=\"wpforms-field-label\">W\u00c4HLEN SIE DEN GRUND IHRER ANFRAGE AUS <span class=\"wpforms-required-label\" aria-hidden=\"true\">*<\/span><\/legend><ul id=\"wpforms-378-field_7\" class=\"wpforms-field-required\"><li class=\"choice-1 depth-1\"><input type=\"checkbox\" id=\"wpforms-378-field_7_1\" name=\"wpforms[fields][7][]\" value=\"allgemeine Anfrage\" aria-errormessage=\"wpforms-378-field_7_1-error\" required ><label class=\"wpforms-field-label-inline\" for=\"wpforms-378-field_7_1\">allgemeine Anfrage<\/label><\/li><li class=\"choice-2 depth-1\"><input type=\"checkbox\" id=\"wpforms-378-field_7_2\" name=\"wpforms[fields][7][]\" value=\"Zusendung Infomaterial\" aria-errormessage=\"wpforms-378-field_7_2-error\" required ><label class=\"wpforms-field-label-inline\" for=\"wpforms-378-field_7_2\">Zusendung Infomaterial<\/label><\/li><\/ul><\/fieldset><\/div><div id=\"wpforms-378-field_5-container\" class=\"wpforms-field wpforms-field-checkbox\" data-field-id=\"5\"><fieldset><legend class=\"wpforms-field-label\">DATENSCHUTZ <span class=\"wpforms-required-label\" aria-hidden=\"true\">*<\/span><\/legend><ul id=\"wpforms-378-field_5\" class=\"wpforms-field-required\"><li class=\"choice-1 depth-1\"><input type=\"checkbox\" id=\"wpforms-378-field_5_1\" name=\"wpforms[fields][5][]\" value=\"Ihre Anfrage wird verschl\u00fcsselt per https an unseren Server geschickt. Sie erkl\u00e4ren sich damit einverstanden, dass wir die Angaben zur Beantwortung Ihrer Anfrage verwenden d\u00fcrfen. Hier finden Sie unsere &lt;a href=&quot;http:\/\/www.deutsche-vulkanstrasse.com\/datenschutz\/&quot;&gt;Datenschutzerkl\u00e4rung.&lt;\/a&gt;\" aria-errormessage=\"wpforms-378-field_5_1-error\" required ><label class=\"wpforms-field-label-inline\" for=\"wpforms-378-field_5_1\">Ihre Anfrage wird verschl\u00fcsselt per https an unseren Server geschickt. Sie erkl\u00e4ren sich damit einverstanden, dass wir die Angaben zur Beantwortung Ihrer Anfrage verwenden d\u00fcrfen. Hier finden Sie unsere <a href=\"http:\/\/www.deutsche-vulkanstrasse.com\/datenschutz\/\">Datenschutzerkl\u00e4rung.<\/a><\/label><\/li><\/ul><\/fieldset><\/div><\/div><!-- .wpforms-field-container --><div class=\"wpforms-recaptcha-container wpforms-is-recaptcha wpforms-is-recaptcha-type-v3\" ><input type=\"hidden\" name=\"wpforms[recaptcha]\" value=\"\"><\/div><div class=\"wpforms-submit-container\" ><input type=\"hidden\" name=\"wpforms[id]\" value=\"378\"><input type=\"hidden\" name=\"page_title\" value=\"\"><input type=\"hidden\" name=\"page_url\" value=\"https:\/\/www.deutsche-vulkanstrasse.com\/en\/wp-json\/wp\/v2\/pages\/2055\"><input type=\"hidden\" name=\"url_referer\" value=\"\"><button type=\"submit\" name=\"wpforms[submit]\" id=\"wpforms-submit-378\" class=\"wpforms-submit\" data-alt-text=\"Sendet...\" data-submit-text=\"Absenden\" aria-live=\"assertive\" value=\"wpforms-submit\">Absenden<\/button><img decoding=\"async\" src=\"https:\/\/www.deutsche-vulkanstrasse.com\/wp-content\/plugins\/wpforms\/assets\/images\/submit-spin.svg\" class=\"wpforms-submit-spinner\" style=\"display: none;\" width=\"26\" height=\"26\" alt=\"Loading\"><\/div><\/form><\/div>  <!-- .wpforms-container -->\t\t\t\t<\/div>\n\t\t\t\t<\/div>\n\t\t<div class=\"elementor-element elementor-element-c381563 e-grid e-con-boxed e-con e-child\" data-id=\"c381563\" data-element_type=\"container\" data-e-type=\"container\" data-settings=\"{&quot;background_background&quot;:&quot;classic&quot;}\">\n\t\t\t\t\t<div class=\"e-con-inner\">\n\t\t<div class=\"elementor-element elementor-element-79fc34f e-flex e-con-boxed e-con e-child\" data-id=\"79fc34f\" data-element_type=\"container\" data-e-type=\"container\" data-settings=\"{&quot;background_background&quot;:&quot;classic&quot;}\">\n\t\t\t\t\t<div class=\"e-con-inner\">\n\t\t\t\t<div class=\"elementor-element elementor-element-b2b83f4 elementor-widget elementor-widget-heading\" data-id=\"b2b83f4\" data-element_type=\"widget\" data-e-type=\"widget\" data-widget_type=\"heading.default\">\n\t\t\t\t<div class=\"elementor-widget-container\">\n\t\t\t\t\t<h2 class=\"elementor-heading-title elementor-size-default\">NATUR- &amp; GEOPARK VULKANEIFEL GMBH<\/h2>\t\t\t\t<\/div>\n\t\t\t\t<\/div>\n\t\t\t\t<div class=\"elementor-element elementor-element-67d605b elementor-widget elementor-widget-heading\" data-id=\"67d605b\" data-element_type=\"widget\" data-e-type=\"widget\" data-widget_type=\"heading.default\">\n\t\t\t\t<div class=\"elementor-widget-container\">\n\t\t\t\t\t<h3 class=\"elementor-heading-title elementor-size-default\">+49 (0)6592 933 203<\/h3>\t\t\t\t<\/div>\n\t\t\t\t<\/div>\n\t\t\t\t<div class=\"elementor-element elementor-element-e1f8c66 elementor-widget elementor-widget-text-editor\" data-id=\"e1f8c66\" data-element_type=\"widget\" data-e-type=\"widget\" data-widget_type=\"text-editor.default\">\n\t\t\t\t<div class=\"elementor-widget-container\">\n\t\t\t\t\t\t\t\t\t<div class=\"el-content uk-panel uk-margin-top\"><p>Vulkaneifel &#8211; Land der Maare und Vulkane: Wie fast keine andere Landschaft tr\u00e4gt die Vulkaneifel ihre von Feuer und Wasser gepr\u00e4gte Geschichte zur Schau.\u00a0Entdecken Sie eine Region der Superlative: j\u00fcngstes, tiefstes, gr\u00f6\u00dftes Maar sowie die Quellen bedeutender Mineralw\u00e4sser!\u00a0Gef\u00fchrte Exkursionen, zahlreiche Museen, Freizeit- und Wildparks sowie Wander- oder Radrouten und Themenpfade werden hier zum Erlebnis.<\/p><\/div>\t\t\t\t\t\t\t\t<\/div>\n\t\t\t\t<\/div>\n\t\t\t\t<div class=\"elementor-element elementor-element-ea3b999 elementor-widget elementor-widget-button\" data-id=\"ea3b999\" data-element_type=\"widget\" data-e-type=\"widget\" data-widget_type=\"button.default\">\n\t\t\t\t<div class=\"elementor-widget-container\">\n\t\t\t\t\t\t\t\t\t<div class=\"elementor-button-wrapper\">\n\t\t\t\t\t<a class=\"elementor-button elementor-button-link elementor-size-sm\" href=\"https:\/\/www.geopark-vulkaneifel.de\/\" target=\"_blank\">\n\t\t\t\t\t\t<span class=\"elementor-button-content-wrapper\">\n\t\t\t\t\t\t\t\t\t<span class=\"elementor-button-text\">ZUR WEBSEITE<\/span>\n\t\t\t\t\t<\/span>\n\t\t\t\t\t<\/a>\n\t\t\t\t<\/div>\n\t\t\t\t\t\t\t\t<\/div>\n\t\t\t\t<\/div>\n\t\t\t\t\t<\/div>\n\t\t\t\t<\/div>\n\t\t<div class=\"elementor-element elementor-element-52d0626 e-flex e-con-boxed e-con e-child\" data-id=\"52d0626\" data-element_type=\"container\" data-e-type=\"container\" data-settings=\"{&quot;background_background&quot;:&quot;classic&quot;}\">\n\t\t\t\t\t<div class=\"e-con-inner\">\n\t\t\t\t<div class=\"elementor-element elementor-element-3637d31 elementor-widget elementor-widget-heading\" data-id=\"3637d31\" data-element_type=\"widget\" data-e-type=\"widget\" data-widget_type=\"heading.default\">\n\t\t\t\t<div class=\"elementor-widget-container\">\n\t\t\t\t\t<h2 class=\"elementor-heading-title elementor-size-default\">VULKANREGION LAACHER SEE<\/h2>\t\t\t\t<\/div>\n\t\t\t\t<\/div>\n\t\t\t\t<div class=\"elementor-element elementor-element-69936a1 elementor-widget elementor-widget-heading\" data-id=\"69936a1\" data-element_type=\"widget\" data-e-type=\"widget\" data-widget_type=\"heading.default\">\n\t\t\t\t<div class=\"elementor-widget-container\">\n\t\t\t\t\t<h3 class=\"elementor-heading-title elementor-size-default\">+49 (0)2636 194 33<\/h3>\t\t\t\t<\/div>\n\t\t\t\t<\/div>\n\t\t\t\t<div class=\"elementor-element elementor-element-3adfb4c elementor-widget elementor-widget-text-editor\" data-id=\"3adfb4c\" data-element_type=\"widget\" data-e-type=\"widget\" data-widget_type=\"text-editor.default\">\n\t\t\t\t<div class=\"elementor-widget-container\">\n\t\t\t\t\t\t\t\t\t<div class=\"el-content uk-panel uk-margin-top\"><p>Entdecken Sie im Vulkanpark Brohltal \/ Laacher See die Sehensw\u00fcrdigkeiten der Osteifel. Die wundersch\u00f6ne Landschaft l\u00e4dt auf ihren gut ausgeschilderten Wanderwegen und Geopfaden zu traumhaften Wanderungen oder spritzigen Radtouren durch die faszinierende Welt der Vulkane ein.<\/p><\/div>\t\t\t\t\t\t\t\t<\/div>\n\t\t\t\t<\/div>\n\t\t\t\t<div class=\"elementor-element elementor-element-37ddd4c elementor-widget elementor-widget-button\" data-id=\"37ddd4c\" data-element_type=\"widget\" data-e-type=\"widget\" data-widget_type=\"button.default\">\n\t\t\t\t<div class=\"elementor-widget-container\">\n\t\t\t\t\t\t\t\t\t<div class=\"elementor-button-wrapper\">\n\t\t\t\t\t<a class=\"elementor-button elementor-button-link elementor-size-sm\" href=\"https:\/\/www.vulkanregion-laacher-see.de\/\" target=\"_blank\">\n\t\t\t\t\t\t<span class=\"elementor-button-content-wrapper\">\n\t\t\t\t\t\t\t\t\t<span class=\"elementor-button-text\">ZUR WEBSEITE<\/span>\n\t\t\t\t\t<\/span>\n\t\t\t\t\t<\/a>\n\t\t\t\t<\/div>\n\t\t\t\t\t\t\t\t<\/div>\n\t\t\t\t<\/div>\n\t\t\t\t\t<\/div>\n\t\t\t\t<\/div>\n\t\t<div class=\"elementor-element elementor-element-264fdf5 e-flex e-con-boxed e-con e-child\" data-id=\"264fdf5\" data-element_type=\"container\" data-e-type=\"container\" data-settings=\"{&quot;background_background&quot;:&quot;classic&quot;}\">\n\t\t\t\t\t<div class=\"e-con-inner\">\n\t\t\t\t<div class=\"elementor-element elementor-element-5fdbd40 elementor-widget elementor-widget-heading\" data-id=\"5fdbd40\" data-element_type=\"widget\" data-e-type=\"widget\" data-widget_type=\"heading.default\">\n\t\t\t\t<div class=\"elementor-widget-container\">\n\t\t\t\t\t<h2 class=\"elementor-heading-title elementor-size-default\">VULKANPARK GMBH<\/h2>\t\t\t\t<\/div>\n\t\t\t\t<\/div>\n\t\t\t\t<div class=\"elementor-element elementor-element-8f0b9de elementor-widget elementor-widget-heading\" data-id=\"8f0b9de\" data-element_type=\"widget\" data-e-type=\"widget\" data-widget_type=\"heading.default\">\n\t\t\t\t<div class=\"elementor-widget-container\">\n\t\t\t\t\t<h3 class=\"elementor-heading-title elementor-size-default\">+49 (0)2632 98 75 0<\/h3>\t\t\t\t<\/div>\n\t\t\t\t<\/div>\n\t\t\t\t<div class=\"elementor-element elementor-element-b262b8c elementor-widget elementor-widget-text-editor\" data-id=\"b262b8c\" data-element_type=\"widget\" data-e-type=\"widget\" data-widget_type=\"text-editor.default\">\n\t\t\t\t<div class=\"elementor-widget-container\">\n\t\t\t\t\t\t\t\t\t<div class=\"el-content uk-panel uk-margin-top\"><p>Ein Vulkangebiet mitten in Deutschland \u2013 ruhend, aber nicht erloschen. Vor gerade einmal 13.000 Jahren entstand im Landkreis Mayen-Koblenz durch den Ausbruch des Laacher-See-Vulkans Deutschlands j\u00fcngste Landschaft. War dies der Anfang einer neuen \u00c4ra vulkanischer Aktivit\u00e4ten oder das Ende einer Jahrtausende dauernden Periode st\u00e4ndiger Ausbr\u00fcche?<\/p><\/div>\t\t\t\t\t\t\t\t<\/div>\n\t\t\t\t<\/div>\n\t\t\t\t<div class=\"elementor-element elementor-element-e02b73b elementor-widget elementor-widget-button\" data-id=\"e02b73b\" data-element_type=\"widget\" data-e-type=\"widget\" data-widget_type=\"button.default\">\n\t\t\t\t<div class=\"elementor-widget-container\">\n\t\t\t\t\t\t\t\t\t<div class=\"elementor-button-wrapper\">\n\t\t\t\t\t<a class=\"elementor-button elementor-button-link elementor-size-sm\" href=\"https:\/\/www.vulkanpark.com\/\" target=\"_blank\">\n\t\t\t\t\t\t<span class=\"elementor-button-content-wrapper\">\n\t\t\t\t\t\t\t\t\t<span class=\"elementor-button-text\">ZUR WEBSEITE<\/span>\n\t\t\t\t\t<\/span>\n\t\t\t\t\t<\/a>\n\t\t\t\t<\/div>\n\t\t\t\t\t\t\t\t<\/div>\n\t\t\t\t<\/div>\n\t\t\t\t\t<\/div>\n\t\t\t\t<\/div>\n\t\t\t\t\t<\/div>\n\t\t\t\t<\/div>\n\t\t\t\t<\/div>\n\t\t\t\t\t<\/div>\n\t\t\t\t<\/div>\n\t\t\t\t\t<\/div>\n\t\t\t\t<\/div>\n\t\t\t\t<\/div>\n\t\t","protected":false},"excerpt":{"rendered":"<p>KONTAKT &#8211; WIR HELFEN IHNEN GERNE Bitte aktiviere JavaScript in deinem Browser, um dieses Formular fertigzustellen.Bitte aktiviere JavaScript in deinem Browser, um dieses Formular fertigzustellen.VORNAME *EMAIL *NACHNAME *TELEFON * W\u00c4HLEN SIE DEN GRUND IHRER ANFRAGE AUS * allgemeine Anfrage Zusendung Infomaterial DATENSCHUTZ * Ihre Anfrage wird verschl\u00fcsselt per https an unseren Server geschickt. Sie erkl\u00e4ren [&hellip;]<\/p>\n","protected":false},"author":1,"featured_media":0,"parent":0,"menu_order":0,"comment_status":"closed","ping_status":"closed","template":"elementor_header_footer","meta":{"_acf_changed":false,"footnotes":""},"class_list":["post-2055","page","type-page","status-publish","hentry"],"acf":[],"_links":{"self":[{"href":"https:\/\/www.deutsche-vulkanstrasse.com\/en\/wp-json\/wp\/v2\/pages\/2055","targetHints":{"allow":["GET"]}}],"collection":[{"href":"https:\/\/www.deutsche-vulkanstrasse.com\/en\/wp-json\/wp\/v2\/pages"}],"about":[{"href":"https:\/\/www.deutsche-vulkanstrasse.com\/en\/wp-json\/wp\/v2\/types\/page"}],"author":[{"embeddable":true,"href":"https:\/\/www.deutsche-vulkanstrasse.com\/en\/wp-json\/wp\/v2\/users\/1"}],"replies":[{"embeddable":true,"href":"https:\/\/www.deutsche-vulkanstrasse.com\/en\/wp-json\/wp\/v2\/comments?post=2055"}],"version-history":[{"count":19,"href":"https:\/\/www.deutsche-vulkanstrasse.com\/en\/wp-json\/wp\/v2\/pages\/2055\/revisions"}],"predecessor-version":[{"id":2647,"href":"https:\/\/www.deutsche-vulkanstrasse.com\/en\/wp-json\/wp\/v2\/pages\/2055\/revisions\/2647"}],"wp:attachment":[{"href":"https:\/\/www.deutsche-vulkanstrasse.com\/en\/wp-json\/wp\/v2\/media?parent=2055"}],"curies":[{"name":"wp","href":"https:\/\/api.w.org\/{rel}","templated":true}]}}